{"id":47,"date":"2020-08-15T20:09:06","date_gmt":"2020-08-15T20:09:06","guid":{"rendered":"https:\/\/sanabriaconsultores.com\/?page_id=47"},"modified":"2020-08-17T02:28:57","modified_gmt":"2020-08-17T02:28:57","slug":"nosotros","status":"publish","type":"page","link":"https:\/\/sanabriaconsultores.com\/?page_id=47","title":{"rendered":"Nosotros"},"content":{"rendered":"\t\t<div data-elementor-type=\"wp-page\" data-elementor-id=\"47\" class=\"elementor elementor-47\" data-elementor-settings=\"[]\">\n\t\t\t<div class=\"elementor-inner\">\n\t\t\t\t<div class=\"elementor-section-wrap\">\n\t\t\t\t\t\t\t<section class=\"elementor-element elementor-element-5e901a04 elementor-section-full_width elementor-section-content-middle elementor-section-height-default elementor-section-height-default elementor-section elementor-top-section\" data-id=\"5e901a04\" data-element_type=\"section\">\n\t\t\t\t\t\t<div class=\"elementor-container elementor-column-gap-no\">\n\t\t\t\t<div class=\"elementor-row\">\n\t\t\t\t<div class=\"elementor-element elementor-element-43fed470 elementor-column elementor-col-50 elementor-top-column\" data-id=\"43fed470\" data-element_type=\"column\" data-settings=\"{&quot;background_background&quot;:&quot;classic&quot;}\">\n\t\t\t<div class=\"elementor-column-wrap  elementor-element-populated\">\n\t\t\t\t\t\t\t<div class=\"elementor-background-overlay\"><\/div>\n\t\t\t\t\t<div class=\"elementor-widget-wrap\">\n\t\t\t\t<div class=\"elementor-element elementor-element-4c0c3427 elementor-widget elementor-widget-heading\" data-id=\"4c0c3427\" data-element_type=\"widget\" data-widget_type=\"heading.default\">\n\t\t\t\t<div class=\"elementor-widget-container\">\n\t\t\t<h4 class=\"elementor-heading-title elementor-size-default\">Con\u00f3cenos<\/h4>\t\t<\/div>\n\t\t\t\t<\/div>\n\t\t\t\t\t\t<\/div>\n\t\t\t<\/div>\n\t\t<\/div>\n\t\t\t\t<div class=\"elementor-element elementor-element-4430eb36 elementor-column elementor-col-50 elementor-top-column\" data-id=\"4430eb36\" data-element_type=\"column\">\n\t\t\t<div class=\"elementor-column-wrap  elementor-element-populated\">\n\t\t\t\t\t<div class=\"elementor-widget-wrap\">\n\t\t\t\t<div class=\"elementor-element elementor-element-205e047 elementor-widget elementor-widget-text-editor\" data-id=\"205e047\" data-element_type=\"widget\" data-widget_type=\"text-editor.default\">\n\t\t\t\t<div class=\"elementor-widget-container\">\n\t\t\t\t\t<div class=\"elementor-text-editor elementor-clearfix\"><p>\u00bfQui\u00e9nes Somos?<\/p><\/div>\n\t\t\t\t<\/div>\n\t\t\t\t<\/div>\n\t\t\t\t<div class=\"elementor-element elementor-element-191df6ad elementor-widget elementor-widget-text-editor\" data-id=\"191df6ad\" data-element_type=\"widget\" data-widget_type=\"text-editor.default\">\n\t\t\t\t<div class=\"elementor-widget-container\">\n\t\t\t\t\t<div class=\"elementor-text-editor elementor-clearfix\"><p>Somos una empresa dedicada a brindar y garantizar soluciones en el \u00e1rea de seguridad, ofreciendo tranquilidad a los clientes a la hora de realizar contrataciones de personal, estudios de seguridad, gesti\u00f3n de riesgo, seguridad f\u00edsica de personal e instalaciones entre otros. Tenemos un amplio cubrimiento nacional e internacional lo cual nos permite brindar un servicio personalizado y adecuado de acuerdo con los requerimientos de nuestros clientes.<\/p><\/div>\n\t\t\t\t<\/div>\n\t\t\t\t<\/div>\n\t\t\t\t<div class=\"elementor-element elementor-element-f608059 elementor-widget elementor-widget-text-editor\" data-id=\"f608059\" data-element_type=\"widget\" data-widget_type=\"text-editor.default\">\n\t\t\t\t<div class=\"elementor-widget-container\">\n\t\t\t\t\t<div class=\"elementor-text-editor elementor-clearfix\"><p>MISI\u00d3N<\/p><\/div>\n\t\t\t\t<\/div>\n\t\t\t\t<\/div>\n\t\t\t\t<div class=\"elementor-element elementor-element-aa059c8 elementor-widget elementor-widget-text-editor\" data-id=\"aa059c8\" data-element_type=\"widget\" data-widget_type=\"text-editor.default\">\n\t\t\t\t<div class=\"elementor-widget-container\">\n\t\t\t\t\t<div class=\"elementor-text-editor elementor-clearfix\"><p>Prevenir, anticipar, controlar e identificar los riesgos empresariales o de personas, para facilitar el buen funcionamiento de las actividades de nuestros clientes.\u00a0 Nuestro servicio se basa en buscar informaci\u00f3n, analizarla, procesarla y difundirla, con el fin de dar manejo a los riesgos socio pol\u00edticos, de empresa o personas, logrando as\u00ed prever lo previsible.<\/p><\/div>\n\t\t\t\t<\/div>\n\t\t\t\t<\/div>\n\t\t\t\t<div class=\"elementor-element elementor-element-7c13999 elementor-widget elementor-widget-text-editor\" data-id=\"7c13999\" data-element_type=\"widget\" data-widget_type=\"text-editor.default\">\n\t\t\t\t<div class=\"elementor-widget-container\">\n\t\t\t\t\t<div class=\"elementor-text-editor elementor-clearfix\"><p>VISI\u00d3N<\/p><\/div>\n\t\t\t\t<\/div>\n\t\t\t\t<\/div>\n\t\t\t\t<div class=\"elementor-element elementor-element-660d8ae elementor-widget elementor-widget-text-editor\" data-id=\"660d8ae\" data-element_type=\"widget\" data-widget_type=\"text-editor.default\">\n\t\t\t\t<div class=\"elementor-widget-container\">\n\t\t\t\t\t<div class=\"elementor-text-editor elementor-clearfix\"><p>Para el 2026 tener reconocimiento a nivel nacional e internacional en lo que compete al manejo d ellos riesgos p\u00fablicos y la investigaci\u00f3n privada.<\/p><\/div>\n\t\t\t\t<\/div>\n\t\t\t\t<\/div>\n\t\t\t\t\t\t<\/div>\n\t\t\t<\/div>\n\t\t<\/div>\n\t\t\t\t\t\t<\/div>\n\t\t\t<\/div>\n\t\t<\/section>\n\t\t\t\t<section class=\"elementor-element elementor-element-29790852 elementor-section-content-middle elementor-section-boxed elementor-section-height-default elementor-section-height-default elementor-section elementor-top-section\" data-id=\"29790852\" data-element_type=\"section\">\n\t\t\t\t\t\t<div class=\"elementor-container elementor-column-gap-no\">\n\t\t\t\t<div class=\"elementor-row\">\n\t\t\t\t<div class=\"elementor-element elementor-element-7d2aaa29 elementor-column elementor-col-33 elementor-top-column\" data-id=\"7d2aaa29\" data-element_type=\"column\">\n\t\t\t<div class=\"elementor-column-wrap  elementor-element-populated\">\n\t\t\t\t\t<div class=\"elementor-widget-wrap\">\n\t\t\t\t<div class=\"elementor-element elementor-element-1e1477ff elementor-widget elementor-widget-text-editor\" data-id=\"1e1477ff\" data-element_type=\"widget\" data-widget_type=\"text-editor.default\">\n\t\t\t\t<div class=\"elementor-widget-container\">\n\t\t\t\t\t<div class=\"elementor-text-editor elementor-clearfix\"><\/div>\n\t\t\t\t<\/div>\n\t\t\t\t<\/div>\n\t\t\t\t<div class=\"elementor-element elementor-element-61aa65f elementor-widget elementor-widget-heading\" data-id=\"61aa65f\" data-element_type=\"widget\" data-widget_type=\"heading.default\">\n\t\t\t\t<div class=\"elementor-widget-container\">\n\t\t\t<h3 class=\"elementor-heading-title elementor-size-default\">Valores Corporativos<\/h3>\t\t<\/div>\n\t\t\t\t<\/div>\n\t\t\t\t<div class=\"elementor-element elementor-element-4ac9ad68 elementor-widget elementor-widget-divider\" data-id=\"4ac9ad68\" data-element_type=\"widget\" data-widget_type=\"divider.default\">\n\t\t\t\t<div class=\"elementor-widget-container\">\n\t\t\t\t\t<div class=\"elementor-divider\">\n\t\t\t<span class=\"elementor-divider-separator\">\n\t\t\t\t\t\t<\/span>\n\t\t<\/div>\n\t\t\t\t<\/div>\n\t\t\t\t<\/div>\n\t\t\t\t\t\t<\/div>\n\t\t\t<\/div>\n\t\t<\/div>\n\t\t\t\t<div class=\"elementor-element elementor-element-1ae29e9b elementor-column elementor-col-33 elementor-top-column\" data-id=\"1ae29e9b\" data-element_type=\"column\">\n\t\t\t<div class=\"elementor-column-wrap  elementor-element-populated\">\n\t\t\t\t\t<div class=\"elementor-widget-wrap\">\n\t\t\t\t<div class=\"elementor-element elementor-element-1a1728bf elementor-widget elementor-widget-image\" data-id=\"1a1728bf\" data-element_type=\"widget\" data-widget_type=\"image.default\">\n\t\t\t\t<div class=\"elementor-widget-container\">\n\t\t\t\t\t<div class=\"elementor-image\">\n\t\t\t\t\t\t\t\t\t\t<img width=\"303\" height=\"254\" src=\"https:\/\/sanabriaconsultores.com\/wp-content\/uploads\/2020\/08\/ServGestionhumana.jpg\" class=\"elementor-animation-grow attachment-full size-full\" alt=\"\" loading=\"lazy\" srcset=\"https:\/\/sanabriaconsultores.com\/wp-content\/uploads\/2020\/08\/ServGestionhumana.jpg 303w, https:\/\/sanabriaconsultores.com\/wp-content\/uploads\/2020\/08\/ServGestionhumana-300x251.jpg 300w\" sizes=\"(max-width: 303px) 100vw, 303px\" \/>\t\t\t\t\t\t\t\t\t\t\t<\/div>\n\t\t\t\t<\/div>\n\t\t\t\t<\/div>\n\t\t\t\t<div class=\"elementor-element elementor-element-4ad4191 elementor-widget elementor-widget-text-editor\" data-id=\"4ad4191\" data-element_type=\"widget\" data-widget_type=\"text-editor.default\">\n\t\t\t\t<div class=\"elementor-widget-container\">\n\t\t\t\t\t<div class=\"elementor-text-editor elementor-clearfix\"><p style=\"font-weight: 300;\"><span style=\"font-style: inherit; font-weight: inherit;\">VALORES<\/span><\/p><p style=\"font-weight: 300;\"><span style=\"font-size: 15px;\">Responsabilidad, discreci\u00f3n, honestidad, confianza, garant\u00eda, efectividad, credibilidad y responsabilidad.<\/span><\/p><\/div>\n\t\t\t\t<\/div>\n\t\t\t\t<\/div>\n\t\t\t\t\t\t<\/div>\n\t\t\t<\/div>\n\t\t<\/div>\n\t\t\t\t<div class=\"elementor-element elementor-element-f629d42 elementor-column elementor-col-33 elementor-top-column\" data-id=\"f629d42\" data-element_type=\"column\">\n\t\t\t<div class=\"elementor-column-wrap  elementor-element-populated\">\n\t\t\t\t\t<div class=\"elementor-widget-wrap\">\n\t\t\t\t<div class=\"elementor-element elementor-element-68791fd2 elementor-widget elementor-widget-text-editor\" data-id=\"68791fd2\" data-element_type=\"widget\" data-widget_type=\"text-editor.default\">\n\t\t\t\t<div class=\"elementor-widget-container\">\n\t\t\t\t\t<div class=\"elementor-text-editor elementor-clearfix\"><p>COBERTURA<\/p><p>Contamos con una amplia cobertura nacional e internacional, con los mejores profesionales y materiales de \u00faltima tecnolog\u00eda para brindar un trabajo confiable y discreto.<\/p><\/div>\n\t\t\t\t<\/div>\n\t\t\t\t<\/div>\n\t\t\t\t<div class=\"elementor-element elementor-element-171bfe45 elementor-widget elementor-widget-image\" data-id=\"171bfe45\" data-element_type=\"widget\" data-widget_type=\"image.default\">\n\t\t\t\t<div class=\"elementor-widget-container\">\n\t\t\t\t\t<div class=\"elementor-image\">\n\t\t\t\t\t\t\t\t\t\t<img width=\"306\" height=\"256\" src=\"https:\/\/sanabriaconsultores.com\/wp-content\/uploads\/2020\/08\/servgestion.jpg\" class=\"elementor-animation-grow attachment-full size-full\" alt=\"\" loading=\"lazy\" srcset=\"https:\/\/sanabriaconsultores.com\/wp-content\/uploads\/2020\/08\/servgestion.jpg 306w, https:\/\/sanabriaconsultores.com\/wp-content\/uploads\/2020\/08\/servgestion-300x251.jpg 300w\" sizes=\"(max-width: 306px) 100vw, 306px\" \/>\t\t\t\t\t\t\t\t\t\t\t<\/div>\n\t\t\t\t<\/div>\n\t\t\t\t<\/div>\n\t\t\t\t\t\t<\/div>\n\t\t\t<\/div>\n\t\t<\/div>\n\t\t\t\t\t\t<\/div>\n\t\t\t<\/div>\n\t\t<\/section>\n\t\t\t\t\t\t<\/div>\n\t\t\t<\/div>\n\t\t<\/div>\n\t\t","protected":false},"excerpt":{"rendered":"<p>Con\u00f3cenos \u00bfQui\u00e9nes Somos? Somos una empresa dedicada a brindar y garantizar soluciones en el \u00e1rea de seguridad, ofreciendo tranquilidad a los clientes a la hora de realizar contrataciones de personal, estudios de seguridad, gesti\u00f3n de riesgo, seguridad f\u00edsica de personal e instalaciones entre otros. Tenemos un amplio cubrimiento nacional e internacional lo cual nos permite &hellip;<\/p>\n<p class=\"read-more\"> <a class=\"\" href=\"https:\/\/sanabriaconsultores.com\/?page_id=47\"> <span class=\"screen-reader-text\">Nosotros<\/span> Leer m\u00e1s &raquo;<\/a><\/p>\n","protected":false},"author":1,"featured_media":0,"parent":0,"menu_order":0,"comment_status":"closed","ping_status":"closed","template":"","meta":[],"_links":{"self":[{"href":"https:\/\/sanabriaconsultores.com\/index.php?rest_route=\/wp\/v2\/pages\/47"}],"collection":[{"href":"https:\/\/sanabriaconsultores.com\/index.php?rest_route=\/wp\/v2\/pages"}],"about":[{"href":"https:\/\/sanabriaconsultores.com\/index.php?rest_route=\/wp\/v2\/types\/page"}],"author":[{"embeddable":true,"href":"https:\/\/sanabriaconsultores.com\/index.php?rest_route=\/wp\/v2\/users\/1"}],"replies":[{"embeddable":true,"href":"https:\/\/sanabriaconsultores.com\/index.php?rest_route=%2Fwp%2Fv2%2Fcomments&post=47"}],"version-history":[{"count":6,"href":"https:\/\/sanabriaconsultores.com\/index.php?rest_route=\/wp\/v2\/pages\/47\/revisions"}],"predecessor-version":[{"id":113,"href":"https:\/\/sanabriaconsultores.com\/index.php?rest_route=\/wp\/v2\/pages\/47\/revisions\/113"}],"wp:attachment":[{"href":"https:\/\/sanabriaconsultores.com\/index.php?rest_route=%2Fwp%2Fv2%2Fmedia&parent=47"}],"curies":[{"name":"wp","href":"https:\/\/api.w.org\/{rel}","templated":true}]}}